{"id":4188,"date":"2019-06-06T08:39:49","date_gmt":"2019-06-06T07:39:49","guid":{"rendered":"https:\/\/motivated4ever.com\/?post_type=product&#038;p=4188"},"modified":"2022-03-14T13:57:56","modified_gmt":"2022-03-14T12:57:56","slug":"piu-gambe-piu-grosso-piu-paura-maglietta-limited-bianco","status":"publish","type":"product","link":"https:\/\/motivated4ever.com\/it\/prodotto\/piu-gambe-piu-grosso-piu-paura-maglietta-limited-bianco\/","title":{"rendered":"M4E PIU GAMBE, PIU GROSSO, PIU PAURA Maglietta LIMITED bianco"},"content":{"rendered":"<p><strong>Taglie disponibili:<\/strong> S &#8211; 4XL (misure europee classiche)<br \/>\n<strong>Colori disponibili:<\/strong> BIANCO<br \/>\n<strong>Modello:<\/strong> unisex<br \/>\n<strong>Materiale:<\/strong> 100% cotone<br \/>\n<strong>Cura:<\/strong> lavare in lavatrice max 30 \u00b0. Lavare separatamente il colore scuro. Utilizzare candeggina senza cloro solo se necessario. Non stirare sull&#8217;area stampata.<\/p>\n<p><em><strong>&#8212;&#8212; Crea i tuoi accessori o abbigliamento &#8211; <a href=\"mailto:info@motivated4ever.com\" target=\"_blank\" rel=\"noopener noreferrer\">contact us<\/a>\u00a0per piu detagli. &#8212;&#8212;<\/strong><br \/>\n<\/em><\/p>\n<p>Entra a far parte della community di M4E, seguici su <a href=\"https:\/\/instagram.com\/motivated4ever\" target=\"_blank\" rel=\"noopener noreferrer\">INSTAGRAM<\/a>\u00a0or <a href=\"https:\/\/www.facebook.com\/motivated4ever\" target=\"_blank\" rel=\"noopener noreferrer\">FACEBOOK<\/a>.<\/p>\n<p><strong>SIZE CHART (all measurements are in cm):<\/strong><\/p>\n<p><a href=\"https:\/\/motivated4ever.com\/wp-content\/uploads\/2019\/06\/M4E-size-chart-t-shirt-1.jpg\"><img loading=\"lazy\" decoding=\"async\" class=\"alignleft wp-image-4157\" src=\"https:\/\/motivated4ever.com\/wp-content\/uploads\/2019\/06\/M4E-size-chart-t-shirt-1.jpg\" alt=\"\" width=\"300\" height=\"335\" srcset=\"https:\/\/motivated4ever.com\/wp-content\/uploads\/2019\/06\/M4E-size-chart-t-shirt-1.jpg 1700w, https:\/\/motivated4ever.com\/wp-content\/uploads\/2019\/06\/M4E-size-chart-t-shirt-1-800x894.jpg 800w, https:\/\/motivated4ever.com\/wp-content\/uploads\/2019\/06\/M4E-size-chart-t-shirt-1-64x72.jpg 64w, https:\/\/motivated4ever.com\/wp-content\/uploads\/2019\/06\/M4E-size-chart-t-shirt-1-268x300.jpg 268w, https:\/\/motivated4ever.com\/wp-content\/uploads\/2019\/06\/M4E-size-chart-t-shirt-1-768x858.jpg 768w, https:\/\/motivated4ever.com\/wp-content\/uploads\/2019\/06\/M4E-size-chart-t-shirt-1-916x1024.jpg 916w, https:\/\/motivated4ever.com\/wp-content\/uploads\/2019\/06\/M4E-size-chart-t-shirt-1-600x671.jpg 600w\" sizes=\"(max-width: 300px) 100vw, 300px\" \/><\/a><\/p>\n<table style=\"border-collapse: collapse; width: 384pt;\" border=\"0\" width=\"512\" cellspacing=\"0\" cellpadding=\"0\">\n<colgroup>\n<col style=\"width: 48pt;\" span=\"8\" width=\"64\" \/> <\/colgroup>\n<tbody>\n<tr style=\"height: 14.4pt;\">\n<td class=\"xl63\" style=\"height: 14.4pt; width: 48pt;\" width=\"64\" height=\"19\"><\/td>\n<td class=\"xl63\" style=\"width: 48pt;\" width=\"64\">S<\/td>\n<td class=\"xl63\" style=\"width: 48pt;\" width=\"64\">M<\/td>\n<td class=\"xl63\" style=\"width: 48pt;\" width=\"64\">L<\/td>\n<td class=\"xl63\" style=\"width: 48pt;\" width=\"64\">XL<\/td>\n<td class=\"xl63\" style=\"width: 48pt;\" width=\"64\">2XL<\/td>\n<td class=\"xl63\" style=\"width: 48pt;\" width=\"64\">3XL<\/td>\n<td class=\"xl63\" style=\"width: 48pt; text-align: left;\" width=\"64\">4XL<\/td>\n<\/tr>\n<tr style=\"height: 14.4pt;\">\n<td class=\"xl63\" style=\"height: 14.4pt; width: 48pt;\" width=\"64\" height=\"19\">LARGHEZZA<\/td>\n<td class=\"xl63\" style=\"width: 48pt; text-align: left;\" align=\"right\" width=\"64\">65<\/td>\n<td class=\"xl63\" style=\"width: 48pt; text-align: left;\" align=\"right\" width=\"64\">67<\/td>\n<td class=\"xl63\" style=\"width: 48pt; text-align: left;\" align=\"right\" width=\"64\">69<\/td>\n<td class=\"xl63\" style=\"width: 48pt; text-align: left;\" align=\"right\" width=\"64\">71<\/td>\n<td class=\"xl63\" style=\"width: 48pt; text-align: left;\" align=\"right\" width=\"64\">73<\/td>\n<td class=\"xl63\" style=\"width: 48pt; text-align: left;\" align=\"right\" width=\"64\">75<\/td>\n<td class=\"xl63\" style=\"width: 48pt; text-align: left;\" align=\"right\" width=\"64\">77<\/td>\n<\/tr>\n<tr style=\"height: 14.4pt;\">\n<td class=\"xl63\" style=\"height: 14.4pt; width: 48pt;\" width=\"64\" height=\"19\">PETTO<\/td>\n<td class=\"xl63\" style=\"width: 48pt; text-align: left;\" align=\"right\" width=\"64\">51<\/td>\n<td class=\"xl63\" style=\"width: 48pt; text-align: left;\" align=\"right\" width=\"64\">53<\/td>\n<td class=\"xl63\" style=\"width: 48pt; text-align: left;\" align=\"right\" width=\"64\">55<\/td>\n<td class=\"xl63\" style=\"width: 48pt; text-align: left;\" align=\"right\" width=\"64\">57<\/td>\n<td class=\"xl63\" style=\"width: 48pt; text-align: left;\" align=\"right\" width=\"64\">59<\/td>\n<td class=\"xl63\" style=\"width: 48pt; text-align: left;\" align=\"right\" width=\"64\">61<\/td>\n<td class=\"xl63\" style=\"width: 48pt; text-align: left;\" align=\"right\" width=\"64\">64<\/td>\n<\/tr>\n<tr style=\"height: 14.4pt;\">\n<td class=\"xl63\" style=\"height: 14.4pt; width: 48pt;\" width=\"64\" height=\"19\">VITA<\/td>\n<td class=\"xl63\" style=\"width: 48pt; text-align: left;\" align=\"right\" width=\"64\">46<\/td>\n<td class=\"xl63\" style=\"width: 48pt; text-align: left;\" align=\"right\" width=\"64\">48<\/td>\n<td class=\"xl63\" style=\"width: 48pt; text-align: left;\" align=\"right\" width=\"64\">50<\/td>\n<td class=\"xl63\" style=\"width: 48pt; text-align: left;\" align=\"right\" width=\"64\">53<\/td>\n<td class=\"xl63\" style=\"width: 48pt; text-align: left;\" align=\"right\" width=\"64\">55<\/td>\n<td class=\"xl63\" style=\"width: 48pt; text-align: left;\" align=\"right\" width=\"64\">56<\/td>\n<td class=\"xl63\" style=\"width: 48pt; text-align: left;\" align=\"right\" width=\"64\">58<\/td>\n<\/tr>\n<tr style=\"height: 28.8pt;\">\n<td class=\"xl63\" style=\"height: 28.8pt; width: 48pt;\" width=\"64\" height=\"38\">SPALLE<\/td>\n<td class=\"xl63\" style=\"width: 48pt; text-align: left;\" align=\"right\" width=\"64\">42<\/td>\n<td class=\"xl63\" style=\"width: 48pt; text-align: left;\" align=\"right\" width=\"64\">44<\/td>\n<td class=\"xl63\" style=\"width: 48pt; text-align: left;\" align=\"right\" width=\"64\">46<\/td>\n<td class=\"xl63\" style=\"width: 48pt; text-align: left;\" align=\"right\" width=\"64\">48<\/td>\n<td class=\"xl63\" style=\"width: 48pt; text-align: left;\" align=\"right\" width=\"64\">50<\/td>\n<td class=\"xl63\" style=\"width: 48pt; text-align: left;\" align=\"right\" width=\"64\">52<\/td>\n<td class=\"xl63\" style=\"width: 48pt; text-align: left;\" align=\"right\" width=\"64\">54<\/td>\n<\/tr>\n<tr style=\"height: 28.8pt;\">\n<td class=\"xl63\" style=\"height: 28.8pt; width: 48pt;\" width=\"64\" height=\"38\">COLLO LARGHEZZA<\/td>\n<td class=\"xl63\" style=\"width: 48pt; text-align: left;\" align=\"right\" width=\"64\">17<\/td>\n<td class=\"xl63\" style=\"width: 48pt; text-align: left;\" align=\"right\" width=\"64\">18<\/td>\n<td class=\"xl63\" style=\"width: 48pt; text-align: left;\" align=\"right\" width=\"64\">19<\/td>\n<td class=\"xl63\" style=\"width: 48pt; text-align: left;\" align=\"right\" width=\"64\">19<\/td>\n<td class=\"xl63\" style=\"width: 48pt; text-align: left;\" align=\"right\" width=\"64\">20<\/td>\n<td class=\"xl63\" style=\"width: 48pt; text-align: left;\" align=\"right\" width=\"64\">21<\/td>\n<td class=\"xl63\" style=\"width: 48pt; text-align: left;\" align=\"right\" width=\"64\">22<\/td>\n<\/tr>\n<tr style=\"height: 28.8pt;\">\n<td class=\"xl63\" style=\"height: 28.8pt; width: 48pt;\" width=\"64\" height=\"38\">LUNGHEZZA DELLLA MANICA<\/td>\n<td class=\"xl63\" style=\"width: 48pt; text-align: left;\" align=\"right\" width=\"64\">14<\/td>\n<td class=\"xl63\" style=\"width: 48pt; text-align: left;\" align=\"right\" width=\"64\">15<\/td>\n<td class=\"xl63\" style=\"width: 48pt; text-align: left;\" align=\"right\" width=\"64\">16<\/td>\n<td class=\"xl63\" style=\"width: 48pt; text-align: left;\" align=\"right\" width=\"64\">18<\/td>\n<td class=\"xl63\" style=\"width: 48pt; text-align: left;\" align=\"right\" width=\"64\">19<\/td>\n<td class=\"xl63\" style=\"width: 48pt; text-align: left;\" align=\"right\" width=\"64\">20<\/td>\n<td class=\"xl63\" style=\"width: 48pt; text-align: left;\" align=\"right\" width=\"64\">22<\/td>\n<\/tr>\n<tr style=\"height: 28.8pt;\">\n<td class=\"xl63\" style=\"height: 28.8pt; width: 48pt;\" width=\"64\" height=\"38\">FORO MANO<\/td>\n<td class=\"xl63\" style=\"width: 48pt; text-align: left;\" align=\"right\" width=\"64\">25<\/td>\n<td class=\"xl63\" style=\"width: 48pt; text-align: left;\" align=\"right\" width=\"64\">26<\/td>\n<td class=\"xl63\" style=\"width: 48pt; text-align: left;\" align=\"right\" width=\"64\">27<\/td>\n<td class=\"xl63\" style=\"width: 48pt; text-align: left;\" align=\"right\" width=\"64\">28<\/td>\n<td class=\"xl63\" style=\"width: 48pt; text-align: left;\" align=\"right\" width=\"64\">29<\/td>\n<td class=\"xl63\" style=\"width: 48pt; text-align: left;\" align=\"right\" width=\"64\">30<\/td>\n<td class=\"xl63\" style=\"width: 48pt; text-align: left;\" align=\"right\" width=\"64\">31<\/td>\n<\/tr>\n<\/tbody>\n<\/table>\n<p>&nbsp;<\/p>\n","protected":false},"excerpt":{"rendered":"<p><strong><em>\u201cPI\u00d9 GAMBE, PI\u00d9 GROSSO, PI\u00d9 PAURA\u201d<\/em><\/strong> maglietta <span class=\"tlid-translation translation\"><span class=\"\" title=\"\">motivazionale &#8211; <span style=\"color: #ff0000;\"><strong>LIMITED EDIZIONE<\/strong><\/span><\/span><\/span>. Maglia \u00e8 realizzata in cotone al 100% per il massimo confort. Questa t-shirt unisex \u00e8 disponibile nelle taglie S &#8211; 4XL.<\/p>\n<p>&nbsp;<\/p>\n<p>Disponibile anche in colori <strong><a href=\"https:\/\/motivated4ever.com\/it\/product\/piu-gambe-piu-grosso-piu-paura-maglietta-limited\/\">NERO<\/a><\/strong> e <strong><a href=\"https:\/\/motivated4ever.com\/it\/product\/piu-gambe-piu-grosso-piu-paura-maglietta-limited-grigio\/\">GRIGIO<\/a><\/strong>.<\/p>\n","protected":false},"featured_media":4563,"template":"","meta":{"_et_pb_use_builder":"","_et_pb_old_content":"","_et_gb_content_width":""},"product_brand":[],"product_cat":[152,155],"product_tag":[],"class_list":{"0":"post-4188","1":"product","2":"type-product","3":"status-publish","4":"has-post-thumbnail","6":"product_cat-abbigliamento","7":"product_cat-magliette","8":"yith_product_brand-m4e","10":"first","11":"instock","12":"taxable","13":"shipping-taxable","14":"purchasable","15":"product-type-variable"},"_links":{"self":[{"href":"https:\/\/motivated4ever.com\/it\/wp-json\/wp\/v2\/product\/4188","targetHints":{"allow":["GET"]}}],"collection":[{"href":"https:\/\/motivated4ever.com\/it\/wp-json\/wp\/v2\/product"}],"about":[{"href":"https:\/\/motivated4ever.com\/it\/wp-json\/wp\/v2\/types\/product"}],"wp:featuredmedia":[{"embeddable":true,"href":"https:\/\/motivated4ever.com\/it\/wp-json\/wp\/v2\/media\/4563"}],"wp:attachment":[{"href":"https:\/\/motivated4ever.com\/it\/wp-json\/wp\/v2\/media?parent=4188"}],"wp:term":[{"taxonomy":"product_brand","embeddable":true,"href":"https:\/\/motivated4ever.com\/it\/wp-json\/wp\/v2\/product_brand?post=4188"},{"taxonomy":"product_cat","embeddable":true,"href":"https:\/\/motivated4ever.com\/it\/wp-json\/wp\/v2\/product_cat?post=4188"},{"taxonomy":"product_tag","embeddable":true,"href":"https:\/\/motivated4ever.com\/it\/wp-json\/wp\/v2\/product_tag?post=4188"}],"curies":[{"name":"wp","href":"https:\/\/api.w.org\/{rel}","templated":true}]}}